{"id":566,"date":"2016-03-03T20:40:56","date_gmt":"2016-03-03T19:40:56","guid":{"rendered":"http:\/\/web53.s259.goserver.host\/?page_id=566"},"modified":"2025-05-07T14:10:31","modified_gmt":"2025-05-07T12:10:31","slug":"impressum","status":"publish","type":"page","link":"https:\/\/stage.hannover-living.dev\/bg\/impressum\/","title":{"rendered":"\u041e\u0442\u043f\u0435\u0447\u0430\u0442\u044a\u043a"},"content":{"rendered":"<div class=\"fl-col-group fl-node-5c5add02ac5bd\" data-node=\"5c5add02ac5bd\">\n<div class=\"fl-col fl-node-5c5add02ac5be\" data-node=\"5c5add02ac5be\">\n<div class=\"fl-col-content fl-node-content\">\n<div class=\"fl-module fl-module-heading fl-node-5c5add02ac5c1\" data-node=\"5c5add02ac5c1\">\n<div class=\"fl-module-content fl-node-content\">\n<h1 class=\"fl-heading\"><span class=\"fl-heading-text\">\u041e\u0442\u043f\u0435\u0447\u0430\u0442\u044a\u043a<\/span><\/h1>\n<\/div>\n<\/div>\n<\/div>\n<\/div>\n<\/div>\n<div class=\"fl-col-group fl-node-5c5add02ac5c5\" data-node=\"5c5add02ac5c5\">\n<div class=\"fl-col fl-node-5c5add02ac5c6\" data-node=\"5c5add02ac5c6\">\n<div class=\"fl-col-content fl-node-content\">\n<div class=\"fl-module fl-module-rich-text fl-node-5c5add02ac5bc\" data-node=\"5c5add02ac5bc\">\n<div class=\"fl-module-content fl-node-content\">\n<div class=\"fl-rich-text\">\n<h3>\u0418\u043d\u0444\u043e\u0440\u043c\u0430\u0446\u0438\u044f \u0441\u044a\u0433\u043b\u0430\u0441\u043d\u043e \u00a7 5 DDG<\/h3>\n<\/div>\n<\/div>\n<\/div>\n<\/div>\n<\/div>\n<\/div>\n<p>Hannover Marketing and Tourismus GmbH<br \/>\n\u0423\u043f\u0440\u0430\u0432\u043b\u044f\u0432\u0430\u0449 \u0434\u0438\u0440\u0435\u043a\u0442\u043e\u0440:<br \/>\n\u041a\u0440\u0438\u0441\u0442\u0438\u0430\u043d \u041a\u0430\u0446<br \/>\n\u0425\u0430\u043d\u0441 \u041a\u0440\u0438\u0441\u0442\u0438\u0430\u043d \u041d\u043e\u043b\u0442\u0435<br \/>\n\u0423\u043b\u0438\u0446\u0430 Vahrenwalder 7<br \/>\n30165 \u0425\u0430\u043d\u043e\u0432\u0435\u0440<br \/>\n\u0415\u043b\u0435\u043a\u0442\u0440\u043e\u043d\u043d\u0430 \u043f\u043e\u0449\u0430:\u00a0<a id=\"cryptemail_50a25944b67ac\" title=\"info@hannover-tourismus.de\" href=\"mailto:info@hannover-tourismus.de\">info@hannover-tourismus.de<\/a><br \/>\n\u0422\u0435\u043b\u0435\u0444\u043e\u043d: +49 511 12349-00<br \/>\n\u0424\u0430\u043a\u0441: +49 511 123490-10<\/p>\n<p class=\"emark\"><strong>\u0417\u0430 \u043a\u043e\u043d\u0442\u0430\u043a\u0442:<\/strong><br \/>\n\u0414\u043e\u0440\u0438\u043d \u0428\u043c\u0438\u0434\u0447\u0435\u043d<br \/>\n\u0422\u0435\u043b\u0435\u0444\u043e\u043d: +49 511 168 349-31<br \/>\n\u0424\u0430\u043a\u0441: +49 511 123490-10<br \/>\n\u0415\u043b\u0435\u043a\u0442\u0440\u043e\u043d\u043d\u0430 \u043f\u043e\u0449\u0430: schmidtchen@hannover-marketing.de<\/p>\n<p>\u0422\u044a\u0440\u0433\u043e\u0432\u0441\u043a\u0438 \u0440\u0435\u0433\u0438\u0441\u0442\u044a\u0440: \u0440\u0430\u0437\u0434\u0435\u043b \u0411 \u2116 59223<br \/>\n\u0420\u0435\u0433\u0438\u0441\u0442\u0440\u0430\u0446\u0438\u043e\u043d\u0435\u043d \u0441\u044a\u0434: Hanover<\/p>\n<p><strong>\u0414\u0430\u043d\u044a\u0447\u0435\u043d \u0438\u0434\u0435\u043d\u0442\u0438\u0444\u0438\u043a\u0430\u0446\u0438\u043e\u043d\u0435\u043d \u043d\u043e\u043c\u0435\u0440 \u0437\u0430 \u043f\u0440\u043e\u0434\u0430\u0436\u0431\u0438\u0442\u0435<\/strong><br \/>\n\u0418\u0434\u0435\u043d\u0442\u0438\u0444\u0438\u043a\u0430\u0446\u0438\u043e\u043d\u0435\u043d \u043d\u043e\u043c\u0435\u0440 \u0437\u0430 \u0434\u0430\u043d\u044a\u043a \u0432\u044a\u0440\u0445\u0443 \u043f\u0440\u043e\u0434\u0430\u0436\u0431\u0438\u0442\u0435 \u0441\u044a\u0433\u043b\u0430\u0441\u043d\u043e \u00a7 27\u0430 \u043e\u0442 \u0417\u0430\u043a\u043e\u043d\u0430 \u0437\u0430 \u0434\u0430\u043d\u044a\u043a\u0430 \u0432\u044a\u0440\u0445\u0443 \u043f\u0440\u043e\u0434\u0430\u0436\u0431\u0438\u0442\u0435:<br \/>\nDE211133985<\/p>\n<p><strong>\u0420\u0430\u0437\u0440\u0435\u0448\u0430\u0432\u0430\u043d\u0435 \u043d\u0430 \u0441\u043f\u043e\u0440\u043e\u0432\u0435 \u0432 \u0415\u0421<br \/>\n<\/strong>\u0415\u0432\u0440\u043e\u043f\u0435\u0439\u0441\u043a\u0430\u0442\u0430 \u043a\u043e\u043c\u0438\u0441\u0438\u044f \u043f\u0440\u0435\u0434\u043e\u0441\u0442\u0430\u0432\u044f \u043f\u043b\u0430\u0442\u0444\u043e\u0440\u043c\u0430 \u0437\u0430 \u043e\u043d\u043b\u0430\u0439\u043d \u0440\u0435\u0448\u0430\u0432\u0430\u043d\u0435 \u043d\u0430 \u0441\u043f\u043e\u0440\u043e\u0432\u0435 (\u041e\u0421):\u00a0<a href=\"https:\/\/ec.europa.eu\/consumers\/odr\" target=\"_blank\" rel=\"noopener noreferrer\">https:\/\/ec.europa.eu\/consumers\/odr<\/a>.<br \/>\n\u0410\u0434\u0440\u0435\u0441\u044a\u0442 \u043d\u0438 \u0437\u0430 \u0435\u043b\u0435\u043a\u0442\u0440\u043e\u043d\u043d\u0430 \u043f\u043e\u0449\u0430 \u0435 \u043f\u043e\u0441\u043e\u0447\u0435\u043d \u0432 \u043f\u0440\u0430\u0432\u043d\u043e\u0442\u043e \u0438\u0437\u0432\u0435\u0441\u0442\u0438\u0435 \u043f\u043e-\u0433\u043e\u0440\u0435.<\/p>\n<p><strong>\u041e\u0442\u0433\u043e\u0432\u043e\u0440\u043d\u043e\u0441\u0442 \u0437\u0430 \u0441\u044a\u0434\u044a\u0440\u0436\u0430\u043d\u0438\u0435\u0442\u043e<br \/>\n<\/strong>\u041a\u0430\u0442\u043e \u0434\u043e\u0441\u0442\u0430\u0432\u0447\u0438\u043a \u043d\u0430 \u0443\u0441\u043b\u0443\u0433\u0438 \u043d\u0438\u0435 \u043d\u043e\u0441\u0438\u043c \u043e\u0442\u0433\u043e\u0432\u043e\u0440\u043d\u043e\u0441\u0442 \u0437\u0430 \u0441\u043e\u0431\u0441\u0442\u0432\u0435\u043d\u043e\u0442\u043e \u0441\u0438 \u0441\u044a\u0434\u044a\u0440\u0436\u0430\u043d\u0438\u0435 \u043d\u0430 \u0442\u0435\u0437\u0438 \u0441\u0442\u0440\u0430\u043d\u0438\u0446\u0438 \u0432 \u0441\u044a\u043e\u0442\u0432\u0435\u0442\u0441\u0442\u0432\u0438\u0435 \u0441 \u00a7 7, \u0430\u043b.1 \u043e\u0442 \u0414\u0414\u0413 \u0438 \u043e\u0431\u0449\u043e\u0442\u043e \u0437\u0430\u043a\u043e\u043d\u043e\u0434\u0430\u0442\u0435\u043b\u0441\u0442\u0432\u043e. \u0412\u044a\u043f\u0440\u0435\u043a\u0438 \u0442\u043e\u0432\u0430, \u0441\u044a\u0433\u043b\u0430\u0441\u043d\u043e \u00a7\u00a7 8 \u0434\u043e 10 DDG, \u043a\u0430\u0442\u043e \u0434\u043e\u0441\u0442\u0430\u0432\u0447\u0438\u043a \u043d\u0430 \u0443\u0441\u043b\u0443\u0433\u0438 \u043d\u0435 \u0441\u043c\u0435 \u0437\u0430\u0434\u044a\u043b\u0436\u0435\u043d\u0438 \u0434\u0430 \u0441\u043b\u0435\u0434\u0438\u043c \u043f\u0440\u0435\u0434\u0430\u0432\u0430\u043d\u0430\u0442\u0430 \u0438\u043b\u0438 \u0441\u044a\u0445\u0440\u0430\u043d\u044f\u0432\u0430\u043d\u0430\u0442\u0430 \u0438\u043d\u0444\u043e\u0440\u043c\u0430\u0446\u0438\u044f \u043e\u0442 \u0442\u0440\u0435\u0442\u0438 \u0441\u0442\u0440\u0430\u043d\u0438 \u0438\u043b\u0438 \u0434\u0430 \u0440\u0430\u0437\u0441\u043b\u0435\u0434\u0432\u0430\u043c\u0435 \u043e\u0431\u0441\u0442\u043e\u044f\u0442\u0435\u043b\u0441\u0442\u0432\u0430, \u043a\u043e\u0438\u0442\u043e \u043f\u043e\u043a\u0430\u0437\u0432\u0430\u0442 \u043d\u0435\u0437\u0430\u043a\u043e\u043d\u043d\u0430 \u0434\u0435\u0439\u043d\u043e\u0441\u0442.<\/p>\n<p>\u0417\u0430\u0434\u044a\u043b\u0436\u0435\u043d\u0438\u044f\u0442\u0430 \u0437\u0430 \u043f\u0440\u0435\u043c\u0430\u0445\u0432\u0430\u043d\u0435 \u0438\u043b\u0438 \u0431\u043b\u043e\u043a\u0438\u0440\u0430\u043d\u0435 \u043d\u0430 \u0438\u0437\u043f\u043e\u043b\u0437\u0432\u0430\u043d\u0435\u0442\u043e \u043d\u0430 \u0438\u043d\u0444\u043e\u0440\u043c\u0430\u0446\u0438\u044f \u0432 \u0441\u044a\u043e\u0442\u0432\u0435\u0442\u0441\u0442\u0432\u0438\u0435 \u0441 \u043e\u0431\u0449\u043e\u0442\u043e \u0437\u0430\u043a\u043e\u043d\u043e\u0434\u0430\u0442\u0435\u043b\u0441\u0442\u0432\u043e \u043e\u0441\u0442\u0430\u0432\u0430\u0442 \u043d\u0435\u0437\u0430\u0441\u0435\u0433\u043d\u0430\u0442\u0438 \u043e\u0442 \u0442\u043e\u0432\u0430. \u041e\u0442\u0433\u043e\u0432\u043e\u0440\u043d\u043e\u0441\u0442\u0442\u0430 \u0432 \u0442\u043e\u0432\u0430 \u043e\u0442\u043d\u043e\u0448\u0435\u043d\u0438\u0435 \u043e\u0431\u0430\u0447\u0435 \u0435 \u0432\u044a\u0437\u043c\u043e\u0436\u043d\u0430 \u0441\u0430\u043c\u043e \u043e\u0442 \u043c\u043e\u043c\u0435\u043d\u0442\u0430, \u0432 \u043a\u043e\u0439\u0442\u043e \u0441\u043c\u0435 \u0443\u0437\u043d\u0430\u043b\u0438 \u0437\u0430 \u043a\u043e\u043d\u043a\u0440\u0435\u0442\u043d\u043e \u043d\u0430\u0440\u0443\u0448\u0435\u043d\u0438\u0435. \u0412\u0435\u0434\u043d\u0430\u0433\u0430 \u0449\u043e\u043c \u0440\u0430\u0437\u0431\u0435\u0440\u0435\u043c \u0437\u0430 \u0442\u0430\u043a\u0438\u0432\u0430 \u043d\u0430\u0440\u0443\u0448\u0435\u043d\u0438\u044f, \u0449\u0435 \u043f\u0440\u0435\u043c\u0430\u0445\u043d\u0435\u043c \u0442\u043e\u0432\u0430 \u0441\u044a\u0434\u044a\u0440\u0436\u0430\u043d\u0438\u0435 \u043d\u0435\u0437\u0430\u0431\u0430\u0432\u043d\u043e.<\/p>\n<p><strong>\u041e\u0442\u0433\u043e\u0432\u043e\u0440\u043d\u043e\u0441\u0442 \u0437\u0430 \u0432\u0440\u044a\u0437\u043a\u0438<br \/>\n<\/strong>\u041d\u0430\u0448\u0438\u044f\u0442 \u0443\u0435\u0431\u0441\u0430\u0439\u0442 \u0441\u044a\u0434\u044a\u0440\u0436\u0430 \u0432\u0440\u044a\u0437\u043a\u0438 \u043a\u044a\u043c \u0432\u044a\u043d\u0448\u043d\u0438 \u0443\u0435\u0431\u0441\u0430\u0439\u0442\u043e\u0432\u0435 \u043d\u0430 \u0442\u0440\u0435\u0442\u0438 \u0441\u0442\u0440\u0430\u043d\u0438, \u0432\u044a\u0440\u0445\u0443 \u0447\u0438\u0435\u0442\u043e \u0441\u044a\u0434\u044a\u0440\u0436\u0430\u043d\u0438\u0435 \u043d\u044f\u043c\u0430\u043c\u0435 \u0432\u043b\u0438\u044f\u043d\u0438\u0435. \u041f\u043e\u0440\u0430\u0434\u0438 \u0442\u043e\u0432\u0430 \u043d\u0435 \u043c\u043e\u0436\u0435\u043c \u0434\u0430 \u043f\u043e\u0435\u043c\u0435\u043c \u043d\u0438\u043a\u0430\u043a\u0432\u0430 \u043e\u0442\u0433\u043e\u0432\u043e\u0440\u043d\u043e\u0441\u0442 \u0437\u0430 \u0442\u043e\u0432\u0430 \u0441\u044a\u0434\u044a\u0440\u0436\u0430\u043d\u0438\u0435 \u043d\u0430 \u0442\u0440\u0435\u0442\u0438 \u0441\u0442\u0440\u0430\u043d\u0438. \u0421\u044a\u043e\u0442\u0432\u0435\u0442\u043d\u0438\u044f\u0442 \u0434\u043e\u0441\u0442\u0430\u0432\u0447\u0438\u043a \u0438\u043b\u0438 \u043e\u043f\u0435\u0440\u0430\u0442\u043e\u0440 \u043d\u0430 \u0441\u0442\u0440\u0430\u043d\u0438\u0446\u0438\u0442\u0435 \u0432\u0438\u043d\u0430\u0433\u0438 \u043d\u043e\u0441\u0438 \u043e\u0442\u0433\u043e\u0432\u043e\u0440\u043d\u043e\u0441\u0442 \u0437\u0430 \u0441\u044a\u0434\u044a\u0440\u0436\u0430\u043d\u0438\u0435\u0442\u043e \u043d\u0430 \u0441\u0432\u044a\u0440\u0437\u0430\u043d\u0438\u0442\u0435 \u0441\u0442\u0440\u0430\u043d\u0438\u0446\u0438. \u0421\u0432\u044a\u0440\u0437\u0430\u043d\u0438\u0442\u0435 \u0441\u0442\u0440\u0430\u043d\u0438\u0446\u0438 \u0441\u0430 \u043f\u0440\u043e\u0432\u0435\u0440\u0435\u043d\u0438 \u0437\u0430 \u0432\u044a\u0437\u043c\u043e\u0436\u043d\u0438 \u0437\u0430\u043a\u043e\u043d\u043e\u0432\u0438 \u043d\u0430\u0440\u0443\u0448\u0435\u043d\u0438\u044f \u0432 \u043c\u043e\u043c\u0435\u043d\u0442\u0430 \u043d\u0430 \u0441\u0432\u044a\u0440\u0437\u0432\u0430\u043d\u0435. \u041d\u0435\u0437\u0430\u043a\u043e\u043d\u043d\u043e\u0442\u043e \u0441\u044a\u0434\u044a\u0440\u0436\u0430\u043d\u0438\u0435 \u043d\u0435 \u0435 \u0431\u0438\u043b\u043e \u0440\u0430\u0437\u043f\u043e\u0437\u043d\u0430\u0442\u043e \u043f\u043e \u0432\u0440\u0435\u043c\u0435 \u043d\u0430 \u0441\u0432\u044a\u0440\u0437\u0432\u0430\u043d\u0435\u0442\u043e.<\/p>\n<p>\u041f\u043e\u0441\u0442\u043e\u044f\u043d\u043d\u043e\u0442\u043e \u043d\u0430\u0431\u043b\u044e\u0434\u0435\u043d\u0438\u0435 \u043d\u0430 \u0441\u044a\u0434\u044a\u0440\u0436\u0430\u043d\u0438\u0435\u0442\u043e \u043d\u0430 \u0441\u0432\u044a\u0440\u0437\u0430\u043d\u0438\u0442\u0435 \u0441\u0442\u0440\u0430\u043d\u0438\u0446\u0438 \u043e\u0431\u0430\u0447\u0435 \u043d\u0435 \u0435 \u0440\u0430\u0437\u0443\u043c\u043d\u043e, \u0430\u043a\u043e \u043d\u044f\u043c\u0430 \u043a\u043e\u043d\u043a\u0440\u0435\u0442\u043d\u0438 \u0434\u043e\u043a\u0430\u0437\u0430\u0442\u0435\u043b\u0441\u0442\u0432\u0430 \u0437\u0430 \u043d\u0430\u0440\u0443\u0448\u0435\u043d\u0438\u0435. \u0410\u043a\u043e \u0440\u0430\u0437\u0431\u0435\u0440\u0435\u043c \u0437\u0430 \u043d\u044f\u043a\u0430\u043a\u0432\u0438 \u0437\u0430\u043a\u043e\u043d\u043e\u0432\u0438 \u043d\u0430\u0440\u0443\u0448\u0435\u043d\u0438\u044f, \u0449\u0435 \u043f\u0440\u0435\u043c\u0430\u0445\u043d\u0435\u043c \u0442\u0435\u0437\u0438 \u0432\u0440\u044a\u0437\u043a\u0438 \u043d\u0435\u0437\u0430\u0431\u0430\u0432\u043d\u043e.<\/p>\n<p><strong>\u0410\u0432\u0442\u043e\u0440\u0441\u043a\u043e \u043f\u0440\u0430\u0432\u043e<br \/>\n<\/strong>\u0421\u044a\u0434\u044a\u0440\u0436\u0430\u043d\u0438\u0435\u0442\u043e \u0438 \u043f\u0440\u043e\u0438\u0437\u0432\u0435\u0434\u0435\u043d\u0438\u044f\u0442\u0430, \u0441\u044a\u0437\u0434\u0430\u0434\u0435\u043d\u0438 \u043e\u0442 \u043e\u043f\u0435\u0440\u0430\u0442\u043e\u0440\u0438\u0442\u0435 \u043d\u0430 \u0441\u0430\u0439\u0442\u0430 \u043d\u0430 \u0442\u0435\u0437\u0438 \u0441\u0442\u0440\u0430\u043d\u0438\u0446\u0438, \u0441\u0430 \u043e\u0431\u0435\u043a\u0442 \u043d\u0430 \u0433\u0435\u0440\u043c\u0430\u043d\u0441\u043a\u043e\u0442\u043e \u0437\u0430\u043a\u043e\u043d\u043e\u0434\u0430\u0442\u0435\u043b\u0441\u0442\u0432\u043e \u0437\u0430 \u0430\u0432\u0442\u043e\u0440\u0441\u043a\u043e\u0442\u043e \u043f\u0440\u0430\u0432\u043e. \u0420\u0430\u0437\u043c\u043d\u043e\u0436\u0430\u0432\u0430\u043d\u0435\u0442\u043e, \u043e\u0431\u0440\u0430\u0431\u043e\u0442\u043a\u0430\u0442\u0430, \u0440\u0430\u0437\u043f\u0440\u043e\u0441\u0442\u0440\u0430\u043d\u0435\u043d\u0438\u0435\u0442\u043e \u0438 \u0432\u0441\u044f\u043a\u0430\u043a\u044a\u0432 \u0432\u0438\u0434 \u0438\u0437\u043f\u043e\u043b\u0437\u0432\u0430\u043d\u0435 \u0438\u0437\u0432\u044a\u043d \u0440\u0430\u043c\u043a\u0438\u0442\u0435 \u043d\u0430 \u0437\u0430\u043a\u043e\u043d\u0430 \u0437\u0430 \u0430\u0432\u0442\u043e\u0440\u0441\u043a\u043e\u0442\u043e \u043f\u0440\u0430\u0432\u043e \u0438\u0437\u0438\u0441\u043a\u0432\u0430\u0442 \u043f\u0438\u0441\u043c\u0435\u043d\u043e\u0442\u043e \u0441\u044a\u0433\u043b\u0430\u0441\u0438\u0435 \u043d\u0430 \u0441\u044a\u043e\u0442\u0432\u0435\u0442\u043d\u0438\u044f \u0430\u0432\u0442\u043e\u0440 \u0438\u043b\u0438 \u0441\u044a\u0437\u0434\u0430\u0442\u0435\u043b. \u0418\u0437\u0442\u0435\u0433\u043b\u044f\u043d\u0435\u0442\u043e \u0438 \u043a\u043e\u043f\u0438\u0440\u0430\u043d\u0435\u0442\u043e \u043d\u0430 \u0442\u043e\u0437\u0438 \u0441\u0430\u0439\u0442 \u0435 \u0440\u0430\u0437\u0440\u0435\u0448\u0435\u043d\u043e \u0441\u0430\u043c\u043e \u0437\u0430 \u043b\u0438\u0447\u043d\u0430 \u0443\u043f\u043e\u0442\u0440\u0435\u0431\u0430 \u0441 \u043d\u0435\u0442\u044a\u0440\u0433\u043e\u0432\u0441\u043a\u0430 \u0446\u0435\u043b.<\/p>\n<p>\u0414\u043e\u043a\u043e\u043b\u043a\u043e\u0442\u043e \u0441\u044a\u0434\u044a\u0440\u0436\u0430\u043d\u0438\u0435\u0442\u043e \u043d\u0430 \u0442\u043e\u0437\u0438 \u0441\u0430\u0439\u0442 \u043d\u0435 \u0435 \u0441\u044a\u0437\u0434\u0430\u0434\u0435\u043d\u043e \u043e\u0442 \u043e\u043f\u0435\u0440\u0430\u0442\u043e\u0440\u0430, \u0430\u0432\u0442\u043e\u0440\u0441\u043a\u0438\u0442\u0435 \u043f\u0440\u0430\u0432\u0430 \u043d\u0430 \u0442\u0440\u0435\u0442\u0438 \u0441\u0442\u0440\u0430\u043d\u0438 \u0441\u0435 \u0441\u043f\u0430\u0437\u0432\u0430\u0442. \u041f\u043e-\u0441\u043f\u0435\u0446\u0438\u0430\u043b\u043d\u043e, \u0441\u044a\u0434\u044a\u0440\u0436\u0430\u043d\u0438\u0435\u0442\u043e \u043d\u0430 \u0442\u0440\u0435\u0442\u0438 \u0441\u0442\u0440\u0430\u043d\u0438 \u0435 \u043e\u0431\u043e\u0437\u043d\u0430\u0447\u0435\u043d\u043e \u043a\u0430\u0442\u043e \u0442\u0430\u043a\u043e\u0432\u0430. \u0410\u043a\u043e \u0432\u044a\u043f\u0440\u0435\u043a\u0438 \u0442\u043e\u0432\u0430 \u0432\u0438 \u0441\u0442\u0430\u043d\u0435 \u0438\u0437\u0432\u0435\u0441\u0442\u043d\u043e, \u0447\u0435 \u0438\u043c\u0430 \u043d\u0430\u0440\u0443\u0448\u0435\u043d\u0438\u0435 \u043d\u0430 \u0430\u0432\u0442\u043e\u0440\u0441\u043a\u0438\u0442\u0435 \u043f\u0440\u0430\u0432\u0430, \u043c\u043e\u043b\u044f, \u0438\u043d\u0444\u043e\u0440\u043c\u0438\u0440\u0430\u0439\u0442\u0435 \u043d\u0438 \u0437\u0430 \u0442\u043e\u0432\u0430. \u0410\u043a\u043e \u0440\u0430\u0437\u0431\u0435\u0440\u0435\u043c \u0437\u0430 \u043d\u0430\u0440\u0443\u0448\u0435\u043d\u0438\u044f, \u0449\u0435 \u043f\u0440\u0435\u043c\u0430\u0445\u043d\u0435\u043c \u0442\u043e\u0432\u0430 \u0441\u044a\u0434\u044a\u0440\u0436\u0430\u043d\u0438\u0435 \u043d\u0435\u0437\u0430\u0431\u0430\u0432\u043d\u043e.<\/p>\n<p>\u0418\u043d\u0444\u043e\u0440\u043c\u0430\u0446\u0438\u044f\u0442\u0430, \u043f\u0440\u0435\u0434\u043e\u0441\u0442\u0430\u0432\u0435\u043d\u0430 \u043e\u0442 Hannover Marketing &amp; Tourismus GmbH \u043d\u0430 \u043d\u0435\u0439\u043d\u0438\u044f \u0443\u0435\u0431\u0441\u0430\u0439\u0442, \u043f\u043e\u0434\u043b\u0435\u0436\u0438 \u043d\u0430 \u043f\u043e\u0441\u0442\u043e\u044f\u043d\u0435\u043d \u043c\u043e\u043d\u0438\u0442\u043e\u0440\u0438\u043d\u0433 \u0438 \u0441\u0435 \u0430\u043a\u0442\u0443\u0430\u043b\u0438\u0437\u0438\u0440\u0430 \u043d\u0435\u043f\u0440\u0435\u043a\u044a\u0441\u043d\u0430\u0442\u043e. \u0412\u044a\u043f\u0440\u0435\u043a\u0438 \u0442\u043e\u0432\u0430 \u0435 \u0432\u044a\u0437\u043c\u043e\u0436\u043d\u043e \u0434\u0430\u043d\u043d\u0438\u0442\u0435 \u0434\u0430 \u0441\u0430 \u0441\u0435 \u043f\u0440\u043e\u043c\u0435\u043d\u0438\u043b\u0438 \u043c\u0435\u0436\u0434\u0443\u0432\u0440\u0435\u043c\u0435\u043d\u043d\u043e, \u0432\u044a\u043f\u0440\u0435\u043a\u0438 \u0432\u043d\u0438\u043c\u0430\u0442\u0435\u043b\u043d\u0430\u0442\u0430 \u043f\u0440\u043e\u0432\u0435\u0440\u043a\u0430. \u041f\u043e \u0442\u0430\u0437\u0438 \u043f\u0440\u0438\u0447\u0438\u043d\u0430 Hannover Marketing &amp; Tourismus GmbH \u043d\u0435 \u043f\u043e\u0435\u043c\u0430 \u043d\u0438\u043a\u0430\u043a\u0432\u0430 \u043e\u0442\u0433\u043e\u0432\u043e\u0440\u043d\u043e\u0441\u0442 \u0438\u043b\u0438 \u0433\u0430\u0440\u0430\u043d\u0446\u0438\u044f \u043f\u043e \u043e\u0442\u043d\u043e\u0448\u0435\u043d\u0438\u0435 \u043d\u0430 \u0442\u043e\u0447\u043d\u043e\u0441\u0442\u0442\u0430, \u043f\u044a\u043b\u043d\u043e\u0442\u0430\u0442\u0430 \u0438 \u0430\u043a\u0442\u0443\u0430\u043b\u043d\u043e\u0441\u0442\u0442\u0430 \u043d\u0430 \u0438\u043d\u0444\u043e\u0440\u043c\u0430\u0446\u0438\u044f\u0442\u0430, \u043f\u0440\u0435\u0434\u043e\u0441\u0442\u0430\u0432\u0435\u043d\u0430 \u043d\u0430 \u0442\u0435\u0437\u0438 \u0441\u0442\u0440\u0430\u043d\u0438\u0446\u0438. \u0422\u043e\u0432\u0430 \u0441\u0435 \u043e\u0442\u043d\u0430\u0441\u044f \u0438 \u0437\u0430 \u0432\u0441\u0438\u0447\u043a\u0438 \u0443\u0435\u0431\u0441\u0430\u0439\u0442\u043e\u0432\u0435, \u043a\u044a\u043c \u043a\u043e\u0438\u0442\u043e \u0441\u0435 \u043f\u0440\u0435\u043f\u0440\u0430\u0449\u0430 \u0447\u0440\u0435\u0437 \u0445\u0438\u043f\u0435\u0440\u0432\u0440\u044a\u0437\u043a\u0430 \u043d\u0430 \u0442\u043e\u0437\u0438 \u0443\u0435\u0431\u0441\u0430\u0439\u0442. Hannover Marketing &amp; Tourismus GmbH \u043d\u0435 \u043d\u043e\u0441\u0438 \u043e\u0442\u0433\u043e\u0432\u043e\u0440\u043d\u043e\u0441\u0442 \u0437\u0430 \u0441\u044a\u0434\u044a\u0440\u0436\u0430\u043d\u0438\u0435\u0442\u043e \u043d\u0430 \u0442\u0435\u0437\u0438 \u0441\u0430\u0439\u0442\u043e\u0432\u0435.<\/p>","protected":false},"excerpt":{"rendered":"<p>Impressum Angaben gem\u00e4\u00df \u00a7 5 DDG Hannover Marketing und Tourismus GmbH Gesch\u00e4ftsf\u00fchrer: Christian Katz Hans Christian Nolte Vahrenwalder Stra\u00dfe 7 30165 Hannover E-Mail:\u00a0info@hannover-tourismus.de Tel.: +49 511 12349-00 Fax: +49 511 123490-10 Kontakt: Doreen Schmidtchen Tel.: +49 511 168 349-31 Fax: +49 511 123490-10 E-Mail: schmidtchen@hannover-marketing.de Handelsregister: Abt. B Nr. 59223 Registergericht: Hannover Umsatzsteuer-ID Umsatzsteuer-Identifikationsnummer gem\u00e4\u00df [&hellip;]<\/p>","protected":false},"author":3,"featured_media":0,"parent":0,"menu_order":3,"comment_status":"closed","ping_status":"closed","template":"","meta":{"footnotes":""},"class_list":["post-566","page","type-page","status-publish","hentry"],"_links":{"self":[{"href":"https:\/\/stage.hannover-living.dev\/bg\/wp-json\/wp\/v2\/pages\/566","targetHints":{"allow":["GET"]}}],"collection":[{"href":"https:\/\/stage.hannover-living.dev\/bg\/wp-json\/wp\/v2\/pages"}],"about":[{"href":"https:\/\/stage.hannover-living.dev\/bg\/wp-json\/wp\/v2\/types\/page"}],"author":[{"embeddable":true,"href":"https:\/\/stage.hannover-living.dev\/bg\/wp-json\/wp\/v2\/users\/3"}],"replies":[{"embeddable":true,"href":"https:\/\/stage.hannover-living.dev\/bg\/wp-json\/wp\/v2\/comments?post=566"}],"version-history":[{"count":1,"href":"https:\/\/stage.hannover-living.dev\/bg\/wp-json\/wp\/v2\/pages\/566\/revisions"}],"predecessor-version":[{"id":37067,"href":"https:\/\/stage.hannover-living.dev\/bg\/wp-json\/wp\/v2\/pages\/566\/revisions\/37067"}],"wp:attachment":[{"href":"https:\/\/stage.hannover-living.dev\/bg\/wp-json\/wp\/v2\/media?parent=566"}],"curies":[{"name":"wp","href":"https:\/\/api.w.org\/{rel}","templated":true}]}}