{"id":566,"date":"2016-03-03T20:40:56","date_gmt":"2016-03-03T19:40:56","guid":{"rendered":"http:\/\/web53.s259.goserver.host\/?page_id=566"},"modified":"2025-05-07T14:10:31","modified_gmt":"2025-05-07T12:10:31","slug":"impressum","status":"publish","type":"page","link":"https:\/\/stage.hannover-living.dev\/es\/impressum\/","title":{"rendered":"Pie de imprenta"},"content":{"rendered":"<div class=\"fl-col-group fl-node-5c5add02ac5bd\" data-node=\"5c5add02ac5bd\">\n<div class=\"fl-col fl-node-5c5add02ac5be\" data-node=\"5c5add02ac5be\">\n<div class=\"fl-col-content fl-node-content\">\n<div class=\"fl-module fl-module-heading fl-node-5c5add02ac5c1\" data-node=\"5c5add02ac5c1\">\n<div class=\"fl-module-content fl-node-content\">\n<h1 class=\"fl-heading\"><span class=\"fl-heading-text\">Pie de imprenta<\/span><\/h1>\n<\/div>\n<\/div>\n<\/div>\n<\/div>\n<\/div>\n<div class=\"fl-col-group fl-node-5c5add02ac5c5\" data-node=\"5c5add02ac5c5\">\n<div class=\"fl-col fl-node-5c5add02ac5c6\" data-node=\"5c5add02ac5c6\">\n<div class=\"fl-col-content fl-node-content\">\n<div class=\"fl-module fl-module-rich-text fl-node-5c5add02ac5bc\" data-node=\"5c5add02ac5bc\">\n<div class=\"fl-module-content fl-node-content\">\n<div class=\"fl-rich-text\">\n<h3>Informaci\u00f3n seg\u00fan \u00a7 5 DDG<\/h3>\n<\/div>\n<\/div>\n<\/div>\n<\/div>\n<\/div>\n<\/div>\n<p>Hannover Marketing y Tourismus GmbH<br \/>\nDirector General:<br \/>\nChristian Katz<br \/>\nHans Christian Nolte<br \/>\nCalle Vahrenwalder 7<br \/>\n30165 Hannover<br \/>\ncorreo electr\u00f3nico:\u00a0<a id=\"cryptemail_50a25944b67ac\" title=\"info@hannover-tourismus.de\" href=\"mailto:info@hannover-tourismus.de\">info@hannover-tourismus.de<\/a><br \/>\nTel\u00e9fono: +49 511 12349-00<br \/>\nFax: +49 511 123490-10<\/p>\n<p class=\"emark\"><strong>Contacto:<\/strong><br \/>\nDoreen Schmidtchen<br \/>\nTel\u00e9fono: +49 511 168 349-31<br \/>\nFax: +49 511 123490-10<br \/>\nCorreo electr\u00f3nico: schmidtchen@hannover-marketing.de<\/p>\n<p>Registro mercantil: Secci\u00f3n B n\u00ba 59223<br \/>\nTribunal de registro: Hannover<\/p>\n<p><strong>N\u00famero de identificaci\u00f3n fiscal<\/strong><br \/>\nN\u00famero de identificaci\u00f3n fiscal conforme al art\u00edculo 27 a de la Ley del impuesto sobre el volumen de negocios:<br \/>\nDE211133985<\/p>\n<p><strong>Resoluci\u00f3n de litigios en la UE<br \/>\n<\/strong>La Comisi\u00f3n Europea ofrece una plataforma para la resoluci\u00f3n de litigios en l\u00ednea (OS):\u00a0<a href=\"https:\/\/ec.europa.eu\/consumers\/odr\" target=\"_blank\" rel=\"noopener noreferrer\">https:\/\/ec.europa.eu\/consumers\/odr<\/a>.<br \/>\nEncontrar\u00e1 nuestra direcci\u00f3n de correo electr\u00f3nico en el aviso legal anterior.<\/p>\n<p><strong>Responsabilidad por los contenidos<br \/>\n<\/strong>Como proveedor de servicios, somos responsables de nuestros propios contenidos en estas p\u00e1ginas de acuerdo con el art\u00edculo 7 (1) DDG y la legislaci\u00f3n general. Sin embargo, seg\u00fan los \u00a7\u00a7 8 a 10 DDG, como proveedor de servicios no estamos obligados a supervisar la informaci\u00f3n ajena transmitida o almacenada ni a investigar circunstancias que indiquen una actividad ilegal.<\/p>\n<p>Esto no afecta a las obligaciones de eliminar o bloquear el uso de informaci\u00f3n de conformidad con la legislaci\u00f3n general. Sin embargo, la responsabilidad a este respecto s\u00f3lo ser\u00e1 posible a partir del momento en que tengamos conocimiento de una infracci\u00f3n concreta. En cuanto tengamos conocimiento de tales infracciones, eliminaremos inmediatamente estos contenidos.<\/p>\n<p><strong>Responsabilidad de los enlaces<br \/>\n<\/strong>Nuestro sitio web contiene enlaces a sitios web externos de terceros sobre cuyo contenido no tenemos ninguna influencia. Por lo tanto, no podemos aceptar ninguna responsabilidad por este contenido de terceros. El respectivo proveedor u operador de las p\u00e1ginas es siempre responsable del contenido de las p\u00e1ginas enlazadas. Las p\u00e1ginas enlazadas fueron revisadas en el momento de su vinculaci\u00f3n para detectar posibles infracciones legales. En el momento de establecer el enlace no se detectaron contenidos ilegales.<\/p>\n<p>Sin embargo, no es razonable un control permanente del contenido de las p\u00e1ginas enlazadas sin pruebas concretas de una infracci\u00f3n. Si tenemos conocimiento de alguna infracci\u00f3n legal, eliminaremos dichos enlaces inmediatamente.<\/p>\n<p><strong>Copyright<br \/>\n<\/strong>Los contenidos y obras creados por los operadores de estas p\u00e1ginas est\u00e1n sujetos a la legislaci\u00f3n alemana sobre derechos de autor. La reproducci\u00f3n, el procesamiento, la distribuci\u00f3n y cualquier tipo de utilizaci\u00f3n fuera de los l\u00edmites de la ley de derechos de autor requieren el consentimiento por escrito del autor o creador correspondiente. Las descargas y copias de este sitio s\u00f3lo est\u00e1n permitidas para uso privado y no comercial.<\/p>\n<p>En la medida en que el contenido de este sitio no haya sido creado por el operador, se respetan los derechos de autor de terceros. En particular, los contenidos de terceros est\u00e1n etiquetados como tales. No obstante, si tiene conocimiento de una infracci\u00f3n de los derechos de autor, le rogamos que nos lo comunique. Si tenemos conocimiento de alguna infracci\u00f3n, eliminaremos inmediatamente dicho contenido.<\/p>\n<p>La informaci\u00f3n facilitada por Hannover Marketing &amp; Tourismus GmbH en su sitio web est\u00e1 sujeta a un control constante y se actualiza de forma permanente. No obstante, es posible que los datos hayan cambiado entretanto a pesar de una cuidadosa comprobaci\u00f3n. Por este motivo, Hannover Marketing &amp; Tourismus GmbH no asume ninguna responsabilidad ni garant\u00eda con respecto a la exactitud, integridad y actualidad de la informaci\u00f3n proporcionada en estas p\u00e1ginas. Esto tambi\u00e9n se aplica a todos los sitios web a los que se hace referencia mediante hiperv\u00ednculos en este sitio web. Hannover Marketing &amp; Tourismus GmbH no se hace responsable del contenido de estas p\u00e1ginas.<\/p>","protected":false},"excerpt":{"rendered":"<p>Pie de imprenta Informaci\u00f3n seg\u00fan el art\u00edculo 5 DDG Hannover Marketing und Tourismus GmbH Director Gerente: Christian Katz Hans Christian Nolte Vahrenwalder Stra\u00dfe 7 30165 Hannover E-Mail: info@hannover-tourismus.de Tel.: +49 511 12349-00 Fax: +49 511 123490-10 Contacto: Doreen Schmidtchen Tel\u00e9fono: +49 511 168 349-31 Fax: +49 511 123490-10 Correo electr\u00f3nico: schmidtchen@hannover-marketing.de Registro mercantil: Secci\u00f3n B N\u00ba 59223 Juzgado de registro: Hannover N\u00famero de identificaci\u00f3n a efectos del impuesto sobre el valor a\u00f1adido seg\u00fan [...]<\/p>","protected":false},"author":3,"featured_media":0,"parent":0,"menu_order":3,"comment_status":"closed","ping_status":"closed","template":"","meta":{"footnotes":""},"class_list":["post-566","page","type-page","status-publish","hentry"],"_links":{"self":[{"href":"https:\/\/stage.hannover-living.dev\/es\/wp-json\/wp\/v2\/pages\/566","targetHints":{"allow":["GET"]}}],"collection":[{"href":"https:\/\/stage.hannover-living.dev\/es\/wp-json\/wp\/v2\/pages"}],"about":[{"href":"https:\/\/stage.hannover-living.dev\/es\/wp-json\/wp\/v2\/types\/page"}],"author":[{"embeddable":true,"href":"https:\/\/stage.hannover-living.dev\/es\/wp-json\/wp\/v2\/users\/3"}],"replies":[{"embeddable":true,"href":"https:\/\/stage.hannover-living.dev\/es\/wp-json\/wp\/v2\/comments?post=566"}],"version-history":[{"count":1,"href":"https:\/\/stage.hannover-living.dev\/es\/wp-json\/wp\/v2\/pages\/566\/revisions"}],"predecessor-version":[{"id":37067,"href":"https:\/\/stage.hannover-living.dev\/es\/wp-json\/wp\/v2\/pages\/566\/revisions\/37067"}],"wp:attachment":[{"href":"https:\/\/stage.hannover-living.dev\/es\/wp-json\/wp\/v2\/media?parent=566"}],"curies":[{"name":"wp","href":"https:\/\/api.w.org\/{rel}","templated":true}]}}