{"id":23067,"date":"2024-02-26T13:05:13","date_gmt":"2024-02-26T12:05:13","guid":{"rendered":"https:\/\/stage.hannover-living.dev\/?page_id=23067"},"modified":"2025-06-06T12:59:08","modified_gmt":"2025-06-06T10:59:08","slug":"shopping","status":"publish","type":"page","link":"https:\/\/stage.hannover-living.dev\/sv\/freizeit\/shopping\/","title":{"rendered":"Shopping"},"content":{"rendered":"<div data-elementor-type=\"wp-page\" data-elementor-id=\"23067\" class=\"elementor elementor-23067\" data-elementor-post-type=\"page\">\n\t\t\t\t\t\t<section class=\"elementor-section elementor-top-section elementor-element elementor-element-3346e43 elementor-section-boxed elementor-section-height-default elementor-section-height-default\" data-id=\"3346e43\" data-element_type=\"section\" data-settings=\"{&quot;background_background&quot;:&quot;classic&quot;}\">\n\t\t\t\t\t\t<div class=\"elementor-container elementor-column-gap-no\">\n\t\t\t\t\t<div class=\"elementor-column elementor-col-100 elementor-top-column elementor-element elementor-element-76f01fb\" data-id=\"76f01fb\" data-element_type=\"column\" data-settings=\"{&quot;background_background&quot;:&quot;classic&quot;}\">\n\t\t\t<div class=\"elementor-widget-wrap elementor-element-populated\">\n\t\t\t\t\t\t<section class=\"elementor-section elementor-inner-section elementor-element elementor-element-8e15779 elementor-section-boxed elementor-section-height-default elementor-section-height-default\" data-id=\"8e15779\" data-element_type=\"section\">\n\t\t\t\t\t\t<div class=\"elementor-container elementor-column-gap-default\">\n\t\t\t\t\t<div class=\"elementor-column elementor-col-100 elementor-inner-column elementor-element elementor-element-4521d17\" data-id=\"4521d17\" data-element_type=\"column\" data-settings=\"{&quot;background_background&quot;:&quot;classic&quot;}\">\n\t\t\t<div class=\"elementor-widget-wrap elementor-element-populated\">\n\t\t\t\t\t\t<div class=\"elementor-element elementor-element-7d654b6 elementor-cta--skin-cover elementor-hidden-phone elementor-hidden-tablet elementor-animated-content elementor-bg-transform elementor-bg-transform-zoom-in elementor-widget elementor-widget-call-to-action\" data-id=\"7d654b6\" data-element_type=\"widget\" data-isc-images=\"2156\" data-widget_type=\"call-to-action.default\">\n\t\t\t\t<div class=\"elementor-widget-container\">\n\t\t\t\t\t\t\t<div class=\"elementor-cta\">\n\t\t\t\t\t<div class=\"elementor-cta__bg-wrapper\">\n\t\t\t\t<div class=\"elementor-cta__bg elementor-bg\" style=\"background-image: url();\" role=\"img\" aria-label=\"\"><\/div>\n\t\t\t\t<div class=\"elementor-cta__bg-overlay\"><\/div>\n\t\t\t<\/div>\n\t\t\t\t\t\t\t<div class=\"elementor-cta__content\">\n\t\t\t\t\n\t\t\t\t\t\t\t\t\t<h2 class=\"elementor-cta__title elementor-cta__content-item elementor-content-item elementor-animated-item--grow\">\n\t\t\t\t\t\tShopping\t\t\t\t\t<\/h2>\n\t\t\t\t\n\t\t\t\t\n\t\t\t\t\t\t\t<\/div>\n\t\t\t\t\t\t<\/div>\n\t\t\t\t\t\t<\/div>\n\t\t\t\t<\/div>\n\t\t\t\t<div class=\"elementor-element elementor-element-5e39a8c elementor-widget elementor-widget-jet-listing-grid\" data-id=\"5e39a8c\" data-element_type=\"widget\" data-settings=\"{&quot;columns&quot;:3,&quot;columns_tablet&quot;:&quot;2&quot;,&quot;columns_mobile&quot;:&quot;1&quot;}\" data-widget_type=\"jet-listing-grid.default\">\n\t\t\t\t<div class=\"elementor-widget-container\">\n\t\t\t\t\t<div class=\"jet-listing-notice\">V\u00e4nligen v\u00e4lj annons f\u00f6r att visa.<\/div>\t\t\t\t<\/div>\n\t\t\t\t<\/div>\n\t\t\t\t\t<\/div>\n\t\t<\/div>\n\t\t\t\t\t<\/div>\n\t\t<\/section>\n\t\t\t\t\t<\/div>\n\t\t<\/div>\n\t\t\t\t\t<\/div>\n\t\t<\/section>\n\t\t\t\t<\/div>","protected":false},"excerpt":{"rendered":"<p>Shopping H\u00e4r finns inget kvar att \u00f6nska: I Ernst-August-Galerie kan du njuta av det omfattande och attraktiva utbudet av butiker, restauranger och livsstil p\u00e5 ett och samma st\u00e4lle.   Du kan botanisera bland unika m\u00f6bler och antikviteter fr\u00e5n de senaste 10 till 200 \u00e5ren p\u00e5 siebenundsiebzig n\u00e4ra Lister Platz.   Fair Fasion i Hannover hittar du [...]<\/p>","protected":false},"author":1,"featured_media":26935,"parent":23045,"menu_order":0,"comment_status":"closed","ping_status":"closed","template":"","meta":{"footnotes":""},"class_list":["post-23067","page","type-page","status-publish","has-post-thumbnail","hentry"],"_links":{"self":[{"href":"https:\/\/stage.hannover-living.dev\/sv\/wp-json\/wp\/v2\/pages\/23067","targetHints":{"allow":["GET"]}}],"collection":[{"href":"https:\/\/stage.hannover-living.dev\/sv\/wp-json\/wp\/v2\/pages"}],"about":[{"href":"https:\/\/stage.hannover-living.dev\/sv\/wp-json\/wp\/v2\/types\/page"}],"author":[{"embeddable":true,"href":"https:\/\/stage.hannover-living.dev\/sv\/wp-json\/wp\/v2\/users\/1"}],"replies":[{"embeddable":true,"href":"https:\/\/stage.hannover-living.dev\/sv\/wp-json\/wp\/v2\/comments?post=23067"}],"version-history":[{"count":1,"href":"https:\/\/stage.hannover-living.dev\/sv\/wp-json\/wp\/v2\/pages\/23067\/revisions"}],"predecessor-version":[{"id":39307,"href":"https:\/\/stage.hannover-living.dev\/sv\/wp-json\/wp\/v2\/pages\/23067\/revisions\/39307"}],"up":[{"embeddable":true,"href":"https:\/\/stage.hannover-living.dev\/sv\/wp-json\/wp\/v2\/pages\/23045"}],"wp:featuredmedia":[{"embeddable":true,"href":"https:\/\/stage.hannover-living.dev\/sv\/wp-json\/wp\/v2\/media\/26935"}],"wp:attachment":[{"href":"https:\/\/stage.hannover-living.dev\/sv\/wp-json\/wp\/v2\/media?parent=23067"}],"curies":[{"name":"wp","href":"https:\/\/api.w.org\/{rel}","templated":true}]}}