{"id":23072,"date":"2024-02-26T13:06:43","date_gmt":"2024-02-26T12:06:43","guid":{"rendered":"https:\/\/stage.hannover-living.dev\/?page_id=23072"},"modified":"2024-02-26T13:06:43","modified_gmt":"2024-02-26T12:06:43","slug":"museen1","status":"publish","type":"page","link":"https:\/\/stage.hannover-living.dev\/tr\/freizeit\/museen1\/","title":{"rendered":"M\u00fczeler &amp; Galeriler"},"content":{"rendered":"<div data-elementor-type=\"wp-page\" data-elementor-id=\"23072\" class=\"elementor elementor-23072\" data-elementor-post-type=\"page\">\n\t\t\t\t\t\t<section class=\"elementor-section elementor-top-section elementor-element elementor-element-b446ea7 elementor-section-boxed elementor-section-height-default elementor-section-height-default\" data-id=\"b446ea7\" data-element_type=\"section\" data-settings=\"{&quot;background_background&quot;:&quot;classic&quot;}\">\n\t\t\t\t\t\t<div class=\"elementor-container elementor-column-gap-no\">\n\t\t\t\t\t<div class=\"elementor-column elementor-col-100 elementor-top-column elementor-element elementor-element-0f9ba86\" data-id=\"0f9ba86\" data-element_type=\"column\" data-settings=\"{&quot;background_background&quot;:&quot;classic&quot;}\">\n\t\t\t<div class=\"elementor-widget-wrap elementor-element-populated\">\n\t\t\t\t\t\t<section class=\"elementor-section elementor-inner-section elementor-element elementor-element-4084cff elementor-section-boxed elementor-section-height-default elementor-section-height-default\" data-id=\"4084cff\" data-element_type=\"section\">\n\t\t\t\t\t\t<div class=\"elementor-container elementor-column-gap-default\">\n\t\t\t\t\t<div class=\"elementor-column elementor-col-100 elementor-inner-column elementor-element elementor-element-5e31cc2\" data-id=\"5e31cc2\" data-element_type=\"column\" data-settings=\"{&quot;background_background&quot;:&quot;classic&quot;}\">\n\t\t\t<div class=\"elementor-widget-wrap elementor-element-populated\">\n\t\t\t\t\t\t<div class=\"elementor-element elementor-element-be670f4 elementor-cta--skin-cover elementor-hidden-phone elementor-hidden-tablet elementor-animated-content elementor-bg-transform elementor-bg-transform-zoom-in elementor-widget elementor-widget-call-to-action\" data-id=\"be670f4\" data-element_type=\"widget\" data-isc-images=\"16240\" data-widget_type=\"call-to-action.default\">\n\t\t\t\t<div class=\"elementor-widget-container\">\n\t\t\t\t\t\t\t<div class=\"elementor-cta\">\n\t\t\t\t\t<div class=\"elementor-cta__bg-wrapper\">\n\t\t\t\t<div class=\"elementor-cta__bg elementor-bg\" style=\"background-image: url();\" role=\"img\" aria-label=\"\"><\/div>\n\t\t\t\t<div class=\"elementor-cta__bg-overlay\"><\/div>\n\t\t\t<\/div>\n\t\t\t\t\t\t\t\t<\/div>\n\t\t\t\t\t\t<\/div>\n\t\t\t\t<\/div>\n\t\t\t\t<div class=\"elementor-element elementor-element-b85304b elementor-widget elementor-widget-jet-listing-grid\" data-id=\"b85304b\" data-element_type=\"widget\" data-settings=\"{&quot;columns&quot;:3,&quot;columns_tablet&quot;:&quot;2&quot;,&quot;columns_mobile&quot;:&quot;1&quot;}\" data-widget_type=\"jet-listing-grid.default\">\n\t\t\t\t<div class=\"elementor-widget-container\">\n\t\t\t\t\t<div class=\"jet-listing-notice\">L\u00fctfen g\u00f6stermek i\u00e7in listeyi se\u00e7in.<\/div>\t\t\t\t<\/div>\n\t\t\t\t<\/div>\n\t\t\t\t\t<\/div>\n\t\t<\/div>\n\t\t\t\t\t<\/div>\n\t\t<\/section>\n\t\t\t\t\t<\/div>\n\t\t<\/div>\n\t\t\t\t\t<\/div>\n\t\t<\/section>\n\t\t\t\t<section class=\"elementor-section elementor-top-section elementor-element elementor-element-2c3eec4 elementor-section-boxed elementor-section-height-default elementor-section-height-default\" data-id=\"2c3eec4\" data-element_type=\"section\">\n\t\t\t\t\t\t<div class=\"elementor-container elementor-column-gap-default\">\n\t\t\t\t\t<div class=\"elementor-column elementor-col-100 elementor-top-column elementor-element elementor-element-9015644\" data-id=\"9015644\" data-element_type=\"column\">\n\t\t\t<div class=\"elementor-widget-wrap\">\n\t\t\t\t\t\t\t<\/div>\n\t\t<\/div>\n\t\t\t\t\t<\/div>\n\t\t<\/section>\n\t\t\t\t<\/div>","protected":false},"excerpt":{"rendered":"<p>Hannover Kiosk, Hohe Ufer'deki yenilenmi\u015f Tarih M\u00fczesi i\u00e7in bekleme s\u00fcresi aras\u0131nda k\u00f6pr\u00fc kurar ve modern, a\u00e7\u0131k ve davetkar bir ge\u00e7ici m\u00fczedir. Sprengel M\u00fczesi, Landesmuseum, Kestner M\u00fczesi veya Kestner Gesellschaft'a bir gezi i\u00e7in \"\u00dccretsiz Cuma \"y\u0131 kullan\u0131n. Her Cuma g\u00fcn\u00fc kal\u0131c\u0131 sergilere \u00fccretsiz giri\u015f yapabilirsiniz. \u00c7a\u011fda\u015f, uluslararas\u0131 [...]<\/p>","protected":false},"author":1,"featured_media":0,"parent":23045,"menu_order":0,"comment_status":"closed","ping_status":"closed","template":"","meta":{"footnotes":""},"class_list":["post-23072","page","type-page","status-publish","hentry"],"_links":{"self":[{"href":"https:\/\/stage.hannover-living.dev\/tr\/wp-json\/wp\/v2\/pages\/23072","targetHints":{"allow":["GET"]}}],"collection":[{"href":"https:\/\/stage.hannover-living.dev\/tr\/wp-json\/wp\/v2\/pages"}],"about":[{"href":"https:\/\/stage.hannover-living.dev\/tr\/wp-json\/wp\/v2\/types\/page"}],"author":[{"embeddable":true,"href":"https:\/\/stage.hannover-living.dev\/tr\/wp-json\/wp\/v2\/users\/1"}],"replies":[{"embeddable":true,"href":"https:\/\/stage.hannover-living.dev\/tr\/wp-json\/wp\/v2\/comments?post=23072"}],"version-history":[{"count":0,"href":"https:\/\/stage.hannover-living.dev\/tr\/wp-json\/wp\/v2\/pages\/23072\/revisions"}],"up":[{"embeddable":true,"href":"https:\/\/stage.hannover-living.dev\/tr\/wp-json\/wp\/v2\/pages\/23045"}],"wp:attachment":[{"href":"https:\/\/stage.hannover-living.dev\/tr\/wp-json\/wp\/v2\/media?parent=23072"}],"curies":[{"name":"wp","href":"https:\/\/api.w.org\/{rel}","templated":true}]}}